{"id":16600,"date":"2023-06-18T15:31:44","date_gmt":"2023-06-18T12:31:44","guid":{"rendered":"https:\/\/multiled.ma\/product\/630-1\/"},"modified":"2023-06-18T15:31:44","modified_gmt":"2023-06-18T12:31:44","slug":"630-1","status":"publish","type":"product","link":"https:\/\/multiled.ma\/ar\/product\/630-1\/","title":{"rendered":"630-1"},"content":{"rendered":"","protected":false},"excerpt":{"rendered":"","protected":false},"featured_media":16508,"template":"","meta":[],"product_brand":[],"product_cat":[285,287],"product_tag":[],"class_list":{"0":"post-16600","1":"product","2":"type-product","3":"status-publish","4":"has-post-thumbnail","6":"product_cat-nouveaux-arrivages","7":"product_cat-qppliques-murales-ar","8":"pa_ampoule-1-lampes-e27-max-40w-ar","9":"pa_categorie-applique-murale-ar","10":"pa_couleur-gold-ar","11":"pa_unite-1-piece-ctn-ar-2","13":"first","14":"instock","15":"shipping-taxable","16":"purchasable","17":"product-type-simple"},"yoast_head":"<!-- This site is optimized with the Yoast SEO plugin v25.1 - https:\/\/yoast.com\/wordpress\/plugins\/seo\/ -->\n<title>630-1 | MultiLed Maroc \u2013 Luminaire Design &amp; Grossiste<\/title>\n<meta name=\"robots\" content=\"index, follow, max-snippet:-1, max-image-preview:large, max-video-preview:-1\" \/>\n<link rel=\"canonical\" href=\"https:\/\/multiled.ma\/product\/630-1\/\" \/>\n<meta property=\"og:locale\" content=\"ar_AR\" \/>\n<meta property=\"og:type\" content=\"article\" \/>\n<meta property=\"og:title\" content=\"630-1 | MultiLed Maroc \u2013 Luminaire Design &amp; Grossiste\" \/>\n<meta property=\"og:url\" content=\"https:\/\/multiled.ma\/product\/630-1\/\" \/>\n<meta property=\"og:site_name\" content=\"MultiLed Maroc \u2013 Luminaire Design &amp; Grossiste\" \/>\n<meta property=\"og:image\" content=\"https:\/\/multiled.ma\/wp-content\/uploads\/2023\/06\/9333dff6937ef570f0a2f41ff994652-copie-scaled.jpg\" \/>\n\t<meta property=\"og:image:width\" content=\"600\" \/>\n\t<meta property=\"og:image:height\" content=\"818\" \/>\n\t<meta property=\"og:image:type\" content=\"image\/jpeg\" \/>\n<meta name=\"twitter:card\" content=\"summary_large_image\" \/>\n<script type=\"application\/ld+json\" class=\"yoast-schema-graph\">{\"@context\":\"https:\/\/schema.org\",\"@graph\":[{\"@type\":\"WebPage\",\"@id\":\"https:\/\/multiled.ma\/product\/630-1\/\",\"url\":\"https:\/\/multiled.ma\/product\/630-1\/\",\"name\":\"630-1 | MultiLed Maroc \u2013 Luminaire Design &amp; Grossiste\",\"isPartOf\":{\"@id\":\"https:\/\/multiled.ma\/#website\"},\"primaryImageOfPage\":{\"@id\":\"https:\/\/multiled.ma\/product\/630-1\/#primaryimage\"},\"image\":{\"@id\":\"https:\/\/multiled.ma\/product\/630-1\/#primaryimage\"},\"thumbnailUrl\":\"https:\/\/multiled.ma\/wp-content\/uploads\/2023\/06\/9333dff6937ef570f0a2f41ff994652-copie-scaled.jpg\",\"datePublished\":\"2023-06-18T12:31:44+00:00\",\"breadcrumb\":{\"@id\":\"https:\/\/multiled.ma\/product\/630-1\/#breadcrumb\"},\"inLanguage\":\"ar\",\"potentialAction\":[{\"@type\":\"ReadAction\",\"target\":[\"https:\/\/multiled.ma\/product\/630-1\/\"]}]},{\"@type\":\"ImageObject\",\"inLanguage\":\"ar\",\"@id\":\"https:\/\/multiled.ma\/product\/630-1\/#primaryimage\",\"url\":\"https:\/\/multiled.ma\/wp-content\/uploads\/2023\/06\/9333dff6937ef570f0a2f41ff994652-copie-scaled.jpg\",\"contentUrl\":\"https:\/\/multiled.ma\/wp-content\/uploads\/2023\/06\/9333dff6937ef570f0a2f41ff994652-copie-scaled.jpg\",\"width\":600,\"height\":818},{\"@type\":\"BreadcrumbList\",\"@id\":\"https:\/\/multiled.ma\/product\/630-1\/#breadcrumb\",\"itemListElement\":[{\"@type\":\"ListItem\",\"position\":1,\"name\":\"Home\",\"item\":\"https:\/\/multiled.ma\/%d8%a7%d9%84%d8%b5%d9%81%d8%ad%d8%a9-%d8%a7%d9%84%d8%b1%d8%a6%d9%8a%d8%b3%d9%8a%d8%a9-2\/\"},{\"@type\":\"ListItem\",\"position\":2,\"name\":\"Shop\",\"item\":\"https:\/\/multiled.ma\/produits\/\"},{\"@type\":\"ListItem\",\"position\":3,\"name\":\"630-1\"}]},{\"@type\":\"WebSite\",\"@id\":\"https:\/\/multiled.ma\/#website\",\"url\":\"https:\/\/multiled.ma\/\",\"name\":\"MultiLed | Sp\u00e9cialiste du luminaire design au Maroc\",\"description\":\"Grossiste en \u00e9clairage d\u00e9coratif et architectural au Maroc\",\"publisher\":{\"@id\":\"https:\/\/multiled.ma\/#organization\"},\"alternateName\":\"MultiLed Maroc\",\"potentialAction\":[{\"@type\":\"SearchAction\",\"target\":{\"@type\":\"EntryPoint\",\"urlTemplate\":\"https:\/\/multiled.ma\/?s={search_term_string}\"},\"query-input\":{\"@type\":\"PropertyValueSpecification\",\"valueRequired\":true,\"valueName\":\"search_term_string\"}}],\"inLanguage\":\"ar\"},{\"@type\":\"Organization\",\"@id\":\"https:\/\/multiled.ma\/#organization\",\"name\":\"MultiLed | Sp\u00e9cialiste du luminaire design au Maroc\",\"url\":\"https:\/\/multiled.ma\/\",\"logo\":{\"@type\":\"ImageObject\",\"inLanguage\":\"ar\",\"@id\":\"https:\/\/multiled.ma\/#\/schema\/logo\/image\/\",\"url\":\"https:\/\/multiled.ma\/wp-content\/uploads\/2023\/10\/main-1.png\",\"contentUrl\":\"https:\/\/multiled.ma\/wp-content\/uploads\/2023\/10\/main-1.png\",\"width\":600,\"height\":600,\"caption\":\"MultiLed | Sp\u00e9cialiste du luminaire design au Maroc\"},\"image\":{\"@id\":\"https:\/\/multiled.ma\/#\/schema\/logo\/image\/\"}}]}<\/script>\n<!-- \/ Yoast SEO plugin. -->","yoast_head_json":{"title":"630-1 | MultiLed Maroc \u2013 Luminaire Design &amp; Grossiste","robots":{"index":"index","follow":"follow","max-snippet":"max-snippet:-1","max-image-preview":"max-image-preview:large","max-video-preview":"max-video-preview:-1"},"canonical":"https:\/\/multiled.ma\/product\/630-1\/","og_locale":"ar_AR","og_type":"article","og_title":"630-1 | MultiLed Maroc \u2013 Luminaire Design &amp; Grossiste","og_url":"https:\/\/multiled.ma\/product\/630-1\/","og_site_name":"MultiLed Maroc \u2013 Luminaire Design &amp; Grossiste","og_image":[{"width":600,"height":818,"url":"https:\/\/multiled.ma\/wp-content\/uploads\/2023\/06\/9333dff6937ef570f0a2f41ff994652-copie-scaled.jpg","type":"image\/jpeg"}],"twitter_card":"summary_large_image","schema":{"@context":"https:\/\/schema.org","@graph":[{"@type":"WebPage","@id":"https:\/\/multiled.ma\/product\/630-1\/","url":"https:\/\/multiled.ma\/product\/630-1\/","name":"630-1 | MultiLed Maroc \u2013 Luminaire Design &amp; Grossiste","isPartOf":{"@id":"https:\/\/multiled.ma\/#website"},"primaryImageOfPage":{"@id":"https:\/\/multiled.ma\/product\/630-1\/#primaryimage"},"image":{"@id":"https:\/\/multiled.ma\/product\/630-1\/#primaryimage"},"thumbnailUrl":"https:\/\/multiled.ma\/wp-content\/uploads\/2023\/06\/9333dff6937ef570f0a2f41ff994652-copie-scaled.jpg","datePublished":"2023-06-18T12:31:44+00:00","breadcrumb":{"@id":"https:\/\/multiled.ma\/product\/630-1\/#breadcrumb"},"inLanguage":"ar","potentialAction":[{"@type":"ReadAction","target":["https:\/\/multiled.ma\/product\/630-1\/"]}]},{"@type":"ImageObject","inLanguage":"ar","@id":"https:\/\/multiled.ma\/product\/630-1\/#primaryimage","url":"https:\/\/multiled.ma\/wp-content\/uploads\/2023\/06\/9333dff6937ef570f0a2f41ff994652-copie-scaled.jpg","contentUrl":"https:\/\/multiled.ma\/wp-content\/uploads\/2023\/06\/9333dff6937ef570f0a2f41ff994652-copie-scaled.jpg","width":600,"height":818},{"@type":"BreadcrumbList","@id":"https:\/\/multiled.ma\/product\/630-1\/#breadcrumb","itemListElement":[{"@type":"ListItem","position":1,"name":"Home","item":"https:\/\/multiled.ma\/%d8%a7%d9%84%d8%b5%d9%81%d8%ad%d8%a9-%d8%a7%d9%84%d8%b1%d8%a6%d9%8a%d8%b3%d9%8a%d8%a9-2\/"},{"@type":"ListItem","position":2,"name":"Shop","item":"https:\/\/multiled.ma\/produits\/"},{"@type":"ListItem","position":3,"name":"630-1"}]},{"@type":"WebSite","@id":"https:\/\/multiled.ma\/#website","url":"https:\/\/multiled.ma\/","name":"MultiLed | Sp\u00e9cialiste du luminaire design au Maroc","description":"Grossiste en \u00e9clairage d\u00e9coratif et architectural au Maroc","publisher":{"@id":"https:\/\/multiled.ma\/#organization"},"alternateName":"MultiLed Maroc","potentialAction":[{"@type":"SearchAction","target":{"@type":"EntryPoint","urlTemplate":"https:\/\/multiled.ma\/?s={search_term_string}"},"query-input":{"@type":"PropertyValueSpecification","valueRequired":true,"valueName":"search_term_string"}}],"inLanguage":"ar"},{"@type":"Organization","@id":"https:\/\/multiled.ma\/#organization","name":"MultiLed | Sp\u00e9cialiste du luminaire design au Maroc","url":"https:\/\/multiled.ma\/","logo":{"@type":"ImageObject","inLanguage":"ar","@id":"https:\/\/multiled.ma\/#\/schema\/logo\/image\/","url":"https:\/\/multiled.ma\/wp-content\/uploads\/2023\/10\/main-1.png","contentUrl":"https:\/\/multiled.ma\/wp-content\/uploads\/2023\/10\/main-1.png","width":600,"height":600,"caption":"MultiLed | Sp\u00e9cialiste du luminaire design au Maroc"},"image":{"@id":"https:\/\/multiled.ma\/#\/schema\/logo\/image\/"}}]}},"_links":{"self":[{"href":"https:\/\/multiled.ma\/ar\/wp-json\/wp\/v2\/product\/16600","targetHints":{"allow":["GET"]}}],"collection":[{"href":"https:\/\/multiled.ma\/ar\/wp-json\/wp\/v2\/product"}],"about":[{"href":"https:\/\/multiled.ma\/ar\/wp-json\/wp\/v2\/types\/product"}],"wp:featuredmedia":[{"embeddable":true,"href":"https:\/\/multiled.ma\/ar\/wp-json\/wp\/v2\/media\/16508"}],"wp:attachment":[{"href":"https:\/\/multiled.ma\/ar\/wp-json\/wp\/v2\/media?parent=16600"}],"wp:term":[{"taxonomy":"product_brand","embeddable":true,"href":"https:\/\/multiled.ma\/ar\/wp-json\/wp\/v2\/product_brand?post=16600"},{"taxonomy":"product_cat","embeddable":true,"href":"https:\/\/multiled.ma\/ar\/wp-json\/wp\/v2\/product_cat?post=16600"},{"taxonomy":"product_tag","embeddable":true,"href":"https:\/\/multiled.ma\/ar\/wp-json\/wp\/v2\/product_tag?post=16600"}],"curies":[{"name":"wp","href":"https:\/\/api.w.org\/{rel}","templated":true}]}}