{"id":15716,"date":"2023-01-22T12:57:59","date_gmt":"2023-01-22T09:57:59","guid":{"rendered":"https:\/\/multiled.ma\/?post_type=product&#038;p=15716"},"modified":"2023-01-22T15:41:42","modified_gmt":"2023-01-22T12:41:42","slug":"3d018-g","status":"publish","type":"product","link":"https:\/\/multiled.ma\/ar\/product\/3d018-g\/","title":{"rendered":"3D018-G"},"content":{"rendered":"","protected":false},"excerpt":{"rendered":"","protected":false},"featured_media":15656,"template":"","meta":[],"product_brand":[],"product_cat":[285,296],"product_tag":[],"class_list":{"0":"post-15716","1":"product","2":"type-product","3":"status-publish","4":"has-post-thumbnail","6":"product_cat-nouveaux-arrivages","7":"product_cat-decoration-ar","8":"pa_couleur-gold-ar","9":"pa_unite-1-piece-ctn-ar-2","11":"first","12":"instock","13":"shipping-taxable","14":"purchasable","15":"product-type-simple"},"yoast_head":"<!-- This site is optimized with the Yoast SEO plugin v25.1 - https:\/\/yoast.com\/wordpress\/plugins\/seo\/ -->\n<title>3D018-G | MultiLed Maroc \u2013 Luminaire Design &amp; Grossiste<\/title>\n<meta name=\"robots\" content=\"index, follow, max-snippet:-1, max-image-preview:large, max-video-preview:-1\" \/>\n<link rel=\"canonical\" href=\"https:\/\/multiled.ma\/product\/3d018-g\/\" \/>\n<meta property=\"og:locale\" content=\"ar_AR\" \/>\n<meta property=\"og:type\" content=\"article\" \/>\n<meta property=\"og:title\" content=\"3D018-G | MultiLed Maroc \u2013 Luminaire Design &amp; Grossiste\" \/>\n<meta property=\"og:url\" content=\"https:\/\/multiled.ma\/product\/3d018-g\/\" \/>\n<meta property=\"og:site_name\" content=\"MultiLed Maroc \u2013 Luminaire Design &amp; Grossiste\" \/>\n<meta property=\"article:modified_time\" content=\"2023-01-22T12:41:42+00:00\" \/>\n<meta property=\"og:image\" content=\"https:\/\/multiled.ma\/wp-content\/uploads\/2023\/01\/image8-scaled.jpeg\" \/>\n\t<meta property=\"og:image:width\" content=\"600\" \/>\n\t<meta property=\"og:image:height\" content=\"600\" \/>\n\t<meta property=\"og:image:type\" content=\"image\/jpeg\" \/>\n<meta name=\"twitter:card\" content=\"summary_large_image\" \/>\n<script type=\"application\/ld+json\" class=\"yoast-schema-graph\">{\"@context\":\"https:\/\/schema.org\",\"@graph\":[{\"@type\":\"WebPage\",\"@id\":\"https:\/\/multiled.ma\/product\/3d018-g\/\",\"url\":\"https:\/\/multiled.ma\/product\/3d018-g\/\",\"name\":\"3D018-G | MultiLed Maroc \u2013 Luminaire Design &amp; Grossiste\",\"isPartOf\":{\"@id\":\"https:\/\/multiled.ma\/#website\"},\"primaryImageOfPage\":{\"@id\":\"https:\/\/multiled.ma\/product\/3d018-g\/#primaryimage\"},\"image\":{\"@id\":\"https:\/\/multiled.ma\/product\/3d018-g\/#primaryimage\"},\"thumbnailUrl\":\"https:\/\/multiled.ma\/wp-content\/uploads\/2023\/01\/image8-scaled.jpeg\",\"datePublished\":\"2023-01-22T09:57:59+00:00\",\"dateModified\":\"2023-01-22T12:41:42+00:00\",\"breadcrumb\":{\"@id\":\"https:\/\/multiled.ma\/product\/3d018-g\/#breadcrumb\"},\"inLanguage\":\"ar\",\"potentialAction\":[{\"@type\":\"ReadAction\",\"target\":[\"https:\/\/multiled.ma\/product\/3d018-g\/\"]}]},{\"@type\":\"ImageObject\",\"inLanguage\":\"ar\",\"@id\":\"https:\/\/multiled.ma\/product\/3d018-g\/#primaryimage\",\"url\":\"https:\/\/multiled.ma\/wp-content\/uploads\/2023\/01\/image8-scaled.jpeg\",\"contentUrl\":\"https:\/\/multiled.ma\/wp-content\/uploads\/2023\/01\/image8-scaled.jpeg\",\"width\":600,\"height\":600},{\"@type\":\"BreadcrumbList\",\"@id\":\"https:\/\/multiled.ma\/product\/3d018-g\/#breadcrumb\",\"itemListElement\":[{\"@type\":\"ListItem\",\"position\":1,\"name\":\"Home\",\"item\":\"https:\/\/multiled.ma\/%d8%a7%d9%84%d8%b5%d9%81%d8%ad%d8%a9-%d8%a7%d9%84%d8%b1%d8%a6%d9%8a%d8%b3%d9%8a%d8%a9-2\/\"},{\"@type\":\"ListItem\",\"position\":2,\"name\":\"Shop\",\"item\":\"https:\/\/multiled.ma\/produits\/\"},{\"@type\":\"ListItem\",\"position\":3,\"name\":\"3D018-G\"}]},{\"@type\":\"WebSite\",\"@id\":\"https:\/\/multiled.ma\/#website\",\"url\":\"https:\/\/multiled.ma\/\",\"name\":\"MultiLed | Sp\u00e9cialiste du luminaire design au Maroc\",\"description\":\"Grossiste en \u00e9clairage d\u00e9coratif et architectural au Maroc\",\"publisher\":{\"@id\":\"https:\/\/multiled.ma\/#organization\"},\"alternateName\":\"MultiLed Maroc\",\"potentialAction\":[{\"@type\":\"SearchAction\",\"target\":{\"@type\":\"EntryPoint\",\"urlTemplate\":\"https:\/\/multiled.ma\/?s={search_term_string}\"},\"query-input\":{\"@type\":\"PropertyValueSpecification\",\"valueRequired\":true,\"valueName\":\"search_term_string\"}}],\"inLanguage\":\"ar\"},{\"@type\":\"Organization\",\"@id\":\"https:\/\/multiled.ma\/#organization\",\"name\":\"MultiLed | Sp\u00e9cialiste du luminaire design au Maroc\",\"url\":\"https:\/\/multiled.ma\/\",\"logo\":{\"@type\":\"ImageObject\",\"inLanguage\":\"ar\",\"@id\":\"https:\/\/multiled.ma\/#\/schema\/logo\/image\/\",\"url\":\"https:\/\/multiled.ma\/wp-content\/uploads\/2023\/10\/main-1.png\",\"contentUrl\":\"https:\/\/multiled.ma\/wp-content\/uploads\/2023\/10\/main-1.png\",\"width\":600,\"height\":600,\"caption\":\"MultiLed | Sp\u00e9cialiste du luminaire design au Maroc\"},\"image\":{\"@id\":\"https:\/\/multiled.ma\/#\/schema\/logo\/image\/\"}}]}<\/script>\n<!-- \/ Yoast SEO plugin. -->","yoast_head_json":{"title":"3D018-G | MultiLed Maroc \u2013 Luminaire Design &amp; Grossiste","robots":{"index":"index","follow":"follow","max-snippet":"max-snippet:-1","max-image-preview":"max-image-preview:large","max-video-preview":"max-video-preview:-1"},"canonical":"https:\/\/multiled.ma\/product\/3d018-g\/","og_locale":"ar_AR","og_type":"article","og_title":"3D018-G | MultiLed Maroc \u2013 Luminaire Design &amp; Grossiste","og_url":"https:\/\/multiled.ma\/product\/3d018-g\/","og_site_name":"MultiLed Maroc \u2013 Luminaire Design &amp; Grossiste","article_modified_time":"2023-01-22T12:41:42+00:00","og_image":[{"width":600,"height":600,"url":"https:\/\/multiled.ma\/wp-content\/uploads\/2023\/01\/image8-scaled.jpeg","type":"image\/jpeg"}],"twitter_card":"summary_large_image","schema":{"@context":"https:\/\/schema.org","@graph":[{"@type":"WebPage","@id":"https:\/\/multiled.ma\/product\/3d018-g\/","url":"https:\/\/multiled.ma\/product\/3d018-g\/","name":"3D018-G | MultiLed Maroc \u2013 Luminaire Design &amp; Grossiste","isPartOf":{"@id":"https:\/\/multiled.ma\/#website"},"primaryImageOfPage":{"@id":"https:\/\/multiled.ma\/product\/3d018-g\/#primaryimage"},"image":{"@id":"https:\/\/multiled.ma\/product\/3d018-g\/#primaryimage"},"thumbnailUrl":"https:\/\/multiled.ma\/wp-content\/uploads\/2023\/01\/image8-scaled.jpeg","datePublished":"2023-01-22T09:57:59+00:00","dateModified":"2023-01-22T12:41:42+00:00","breadcrumb":{"@id":"https:\/\/multiled.ma\/product\/3d018-g\/#breadcrumb"},"inLanguage":"ar","potentialAction":[{"@type":"ReadAction","target":["https:\/\/multiled.ma\/product\/3d018-g\/"]}]},{"@type":"ImageObject","inLanguage":"ar","@id":"https:\/\/multiled.ma\/product\/3d018-g\/#primaryimage","url":"https:\/\/multiled.ma\/wp-content\/uploads\/2023\/01\/image8-scaled.jpeg","contentUrl":"https:\/\/multiled.ma\/wp-content\/uploads\/2023\/01\/image8-scaled.jpeg","width":600,"height":600},{"@type":"BreadcrumbList","@id":"https:\/\/multiled.ma\/product\/3d018-g\/#breadcrumb","itemListElement":[{"@type":"ListItem","position":1,"name":"Home","item":"https:\/\/multiled.ma\/%d8%a7%d9%84%d8%b5%d9%81%d8%ad%d8%a9-%d8%a7%d9%84%d8%b1%d8%a6%d9%8a%d8%b3%d9%8a%d8%a9-2\/"},{"@type":"ListItem","position":2,"name":"Shop","item":"https:\/\/multiled.ma\/produits\/"},{"@type":"ListItem","position":3,"name":"3D018-G"}]},{"@type":"WebSite","@id":"https:\/\/multiled.ma\/#website","url":"https:\/\/multiled.ma\/","name":"MultiLed | Sp\u00e9cialiste du luminaire design au Maroc","description":"Grossiste en \u00e9clairage d\u00e9coratif et architectural au Maroc","publisher":{"@id":"https:\/\/multiled.ma\/#organization"},"alternateName":"MultiLed Maroc","potentialAction":[{"@type":"SearchAction","target":{"@type":"EntryPoint","urlTemplate":"https:\/\/multiled.ma\/?s={search_term_string}"},"query-input":{"@type":"PropertyValueSpecification","valueRequired":true,"valueName":"search_term_string"}}],"inLanguage":"ar"},{"@type":"Organization","@id":"https:\/\/multiled.ma\/#organization","name":"MultiLed | Sp\u00e9cialiste du luminaire design au Maroc","url":"https:\/\/multiled.ma\/","logo":{"@type":"ImageObject","inLanguage":"ar","@id":"https:\/\/multiled.ma\/#\/schema\/logo\/image\/","url":"https:\/\/multiled.ma\/wp-content\/uploads\/2023\/10\/main-1.png","contentUrl":"https:\/\/multiled.ma\/wp-content\/uploads\/2023\/10\/main-1.png","width":600,"height":600,"caption":"MultiLed | Sp\u00e9cialiste du luminaire design au Maroc"},"image":{"@id":"https:\/\/multiled.ma\/#\/schema\/logo\/image\/"}}]}},"_links":{"self":[{"href":"https:\/\/multiled.ma\/ar\/wp-json\/wp\/v2\/product\/15716","targetHints":{"allow":["GET"]}}],"collection":[{"href":"https:\/\/multiled.ma\/ar\/wp-json\/wp\/v2\/product"}],"about":[{"href":"https:\/\/multiled.ma\/ar\/wp-json\/wp\/v2\/types\/product"}],"wp:featuredmedia":[{"embeddable":true,"href":"https:\/\/multiled.ma\/ar\/wp-json\/wp\/v2\/media\/15656"}],"wp:attachment":[{"href":"https:\/\/multiled.ma\/ar\/wp-json\/wp\/v2\/media?parent=15716"}],"wp:term":[{"taxonomy":"product_brand","embeddable":true,"href":"https:\/\/multiled.ma\/ar\/wp-json\/wp\/v2\/product_brand?post=15716"},{"taxonomy":"product_cat","embeddable":true,"href":"https:\/\/multiled.ma\/ar\/wp-json\/wp\/v2\/product_cat?post=15716"},{"taxonomy":"product_tag","embeddable":true,"href":"https:\/\/multiled.ma\/ar\/wp-json\/wp\/v2\/product_tag?post=15716"}],"curies":[{"name":"wp","href":"https:\/\/api.w.org\/{rel}","templated":true}]}}