{"id":14603,"date":"2022-08-27T01:00:13","date_gmt":"2022-08-26T22:00:13","guid":{"rendered":"https:\/\/multiled.ma\/product\/cach-plafonier\/"},"modified":"2022-08-27T01:00:13","modified_gmt":"2022-08-26T22:00:13","slug":"cach-plafonier-3-2","status":"publish","type":"product","link":"https:\/\/multiled.ma\/ar\/product\/cach-plafonier-3-2\/","title":{"rendered":"CACH PLAFONIER"},"content":{"rendered":"","protected":false},"excerpt":{"rendered":"","protected":false},"featured_media":14224,"template":"","meta":[],"product_brand":[],"product_cat":[294,291],"product_tag":[],"class_list":{"0":"post-14603","1":"product","2":"type-product","3":"status-publish","4":"has-post-thumbnail","6":"product_cat-extra-ar","7":"product_cat-accessoires-ar","8":"pa_categorie-extra-ar-2","9":"pa_couleur-chrome-ar","11":"first","12":"instock","13":"shipping-taxable","14":"purchasable","15":"product-type-simple"},"yoast_head":"<!-- This site is optimized with the Yoast SEO plugin v25.1 - https:\/\/yoast.com\/wordpress\/plugins\/seo\/ -->\n<title>CACH PLAFONIER | MultiLed Maroc \u2013 Luminaire Design &amp; Grossiste<\/title>\n<meta name=\"robots\" content=\"index, follow, max-snippet:-1, max-image-preview:large, max-video-preview:-1\" \/>\n<link rel=\"canonical\" href=\"https:\/\/multiled.ma\/product\/cach-plafonier-3\/\" \/>\n<meta property=\"og:locale\" content=\"ar_AR\" \/>\n<meta property=\"og:type\" content=\"article\" \/>\n<meta property=\"og:title\" content=\"CACH PLAFONIER | MultiLed Maroc \u2013 Luminaire Design &amp; Grossiste\" \/>\n<meta property=\"og:url\" content=\"https:\/\/multiled.ma\/product\/cach-plafonier-3\/\" \/>\n<meta property=\"og:site_name\" content=\"MultiLed Maroc \u2013 Luminaire Design &amp; Grossiste\" \/>\n<meta property=\"og:image\" content=\"https:\/\/multiled.ma\/wp-content\/uploads\/2022\/08\/DSC_0933-copie-1-Copy.jpg\" \/>\n\t<meta property=\"og:image:width\" content=\"701\" \/>\n\t<meta property=\"og:image:height\" content=\"514\" \/>\n\t<meta property=\"og:image:type\" content=\"image\/jpeg\" \/>\n<meta name=\"twitter:card\" content=\"summary_large_image\" \/>\n<script type=\"application\/ld+json\" class=\"yoast-schema-graph\">{\"@context\":\"https:\/\/schema.org\",\"@graph\":[{\"@type\":\"WebPage\",\"@id\":\"https:\/\/multiled.ma\/product\/cach-plafonier-3\/\",\"url\":\"https:\/\/multiled.ma\/product\/cach-plafonier-3\/\",\"name\":\"CACH PLAFONIER | MultiLed Maroc \u2013 Luminaire Design &amp; Grossiste\",\"isPartOf\":{\"@id\":\"https:\/\/multiled.ma\/#website\"},\"primaryImageOfPage\":{\"@id\":\"https:\/\/multiled.ma\/product\/cach-plafonier-3\/#primaryimage\"},\"image\":{\"@id\":\"https:\/\/multiled.ma\/product\/cach-plafonier-3\/#primaryimage\"},\"thumbnailUrl\":\"https:\/\/multiled.ma\/wp-content\/uploads\/2022\/08\/DSC_0933-copie-1-Copy.jpg\",\"datePublished\":\"2022-08-26T22:00:13+00:00\",\"breadcrumb\":{\"@id\":\"https:\/\/multiled.ma\/product\/cach-plafonier-3\/#breadcrumb\"},\"inLanguage\":\"ar\",\"potentialAction\":[{\"@type\":\"ReadAction\",\"target\":[\"https:\/\/multiled.ma\/product\/cach-plafonier-3\/\"]}]},{\"@type\":\"ImageObject\",\"inLanguage\":\"ar\",\"@id\":\"https:\/\/multiled.ma\/product\/cach-plafonier-3\/#primaryimage\",\"url\":\"https:\/\/multiled.ma\/wp-content\/uploads\/2022\/08\/DSC_0933-copie-1-Copy.jpg\",\"contentUrl\":\"https:\/\/multiled.ma\/wp-content\/uploads\/2022\/08\/DSC_0933-copie-1-Copy.jpg\",\"width\":701,\"height\":514,\"caption\":\"CACH PLAFONIER\"},{\"@type\":\"BreadcrumbList\",\"@id\":\"https:\/\/multiled.ma\/product\/cach-plafonier-3\/#breadcrumb\",\"itemListElement\":[{\"@type\":\"ListItem\",\"position\":1,\"name\":\"Home\",\"item\":\"https:\/\/multiled.ma\/%d8%a7%d9%84%d8%b5%d9%81%d8%ad%d8%a9-%d8%a7%d9%84%d8%b1%d8%a6%d9%8a%d8%b3%d9%8a%d8%a9-2\/\"},{\"@type\":\"ListItem\",\"position\":2,\"name\":\"Shop\",\"item\":\"https:\/\/multiled.ma\/produits\/\"},{\"@type\":\"ListItem\",\"position\":3,\"name\":\"CACH PLAFONIER\"}]},{\"@type\":\"WebSite\",\"@id\":\"https:\/\/multiled.ma\/#website\",\"url\":\"https:\/\/multiled.ma\/\",\"name\":\"MultiLed | Sp\u00e9cialiste du luminaire design au Maroc\",\"description\":\"Grossiste en \u00e9clairage d\u00e9coratif et architectural au Maroc\",\"publisher\":{\"@id\":\"https:\/\/multiled.ma\/#organization\"},\"alternateName\":\"MultiLed Maroc\",\"potentialAction\":[{\"@type\":\"SearchAction\",\"target\":{\"@type\":\"EntryPoint\",\"urlTemplate\":\"https:\/\/multiled.ma\/?s={search_term_string}\"},\"query-input\":{\"@type\":\"PropertyValueSpecification\",\"valueRequired\":true,\"valueName\":\"search_term_string\"}}],\"inLanguage\":\"ar\"},{\"@type\":\"Organization\",\"@id\":\"https:\/\/multiled.ma\/#organization\",\"name\":\"MultiLed | Sp\u00e9cialiste du luminaire design au Maroc\",\"url\":\"https:\/\/multiled.ma\/\",\"logo\":{\"@type\":\"ImageObject\",\"inLanguage\":\"ar\",\"@id\":\"https:\/\/multiled.ma\/#\/schema\/logo\/image\/\",\"url\":\"https:\/\/multiled.ma\/wp-content\/uploads\/2023\/10\/main-1.png\",\"contentUrl\":\"https:\/\/multiled.ma\/wp-content\/uploads\/2023\/10\/main-1.png\",\"width\":600,\"height\":600,\"caption\":\"MultiLed | Sp\u00e9cialiste du luminaire design au Maroc\"},\"image\":{\"@id\":\"https:\/\/multiled.ma\/#\/schema\/logo\/image\/\"}}]}<\/script>\n<!-- \/ Yoast SEO plugin. -->","yoast_head_json":{"title":"CACH PLAFONIER | MultiLed Maroc \u2013 Luminaire Design &amp; Grossiste","robots":{"index":"index","follow":"follow","max-snippet":"max-snippet:-1","max-image-preview":"max-image-preview:large","max-video-preview":"max-video-preview:-1"},"canonical":"https:\/\/multiled.ma\/product\/cach-plafonier-3\/","og_locale":"ar_AR","og_type":"article","og_title":"CACH PLAFONIER | MultiLed Maroc \u2013 Luminaire Design &amp; Grossiste","og_url":"https:\/\/multiled.ma\/product\/cach-plafonier-3\/","og_site_name":"MultiLed Maroc \u2013 Luminaire Design &amp; Grossiste","og_image":[{"width":701,"height":514,"url":"https:\/\/multiled.ma\/wp-content\/uploads\/2022\/08\/DSC_0933-copie-1-Copy.jpg","type":"image\/jpeg"}],"twitter_card":"summary_large_image","schema":{"@context":"https:\/\/schema.org","@graph":[{"@type":"WebPage","@id":"https:\/\/multiled.ma\/product\/cach-plafonier-3\/","url":"https:\/\/multiled.ma\/product\/cach-plafonier-3\/","name":"CACH PLAFONIER | MultiLed Maroc \u2013 Luminaire Design &amp; Grossiste","isPartOf":{"@id":"https:\/\/multiled.ma\/#website"},"primaryImageOfPage":{"@id":"https:\/\/multiled.ma\/product\/cach-plafonier-3\/#primaryimage"},"image":{"@id":"https:\/\/multiled.ma\/product\/cach-plafonier-3\/#primaryimage"},"thumbnailUrl":"https:\/\/multiled.ma\/wp-content\/uploads\/2022\/08\/DSC_0933-copie-1-Copy.jpg","datePublished":"2022-08-26T22:00:13+00:00","breadcrumb":{"@id":"https:\/\/multiled.ma\/product\/cach-plafonier-3\/#breadcrumb"},"inLanguage":"ar","potentialAction":[{"@type":"ReadAction","target":["https:\/\/multiled.ma\/product\/cach-plafonier-3\/"]}]},{"@type":"ImageObject","inLanguage":"ar","@id":"https:\/\/multiled.ma\/product\/cach-plafonier-3\/#primaryimage","url":"https:\/\/multiled.ma\/wp-content\/uploads\/2022\/08\/DSC_0933-copie-1-Copy.jpg","contentUrl":"https:\/\/multiled.ma\/wp-content\/uploads\/2022\/08\/DSC_0933-copie-1-Copy.jpg","width":701,"height":514,"caption":"CACH PLAFONIER"},{"@type":"BreadcrumbList","@id":"https:\/\/multiled.ma\/product\/cach-plafonier-3\/#breadcrumb","itemListElement":[{"@type":"ListItem","position":1,"name":"Home","item":"https:\/\/multiled.ma\/%d8%a7%d9%84%d8%b5%d9%81%d8%ad%d8%a9-%d8%a7%d9%84%d8%b1%d8%a6%d9%8a%d8%b3%d9%8a%d8%a9-2\/"},{"@type":"ListItem","position":2,"name":"Shop","item":"https:\/\/multiled.ma\/produits\/"},{"@type":"ListItem","position":3,"name":"CACH PLAFONIER"}]},{"@type":"WebSite","@id":"https:\/\/multiled.ma\/#website","url":"https:\/\/multiled.ma\/","name":"MultiLed | Sp\u00e9cialiste du luminaire design au Maroc","description":"Grossiste en \u00e9clairage d\u00e9coratif et architectural au Maroc","publisher":{"@id":"https:\/\/multiled.ma\/#organization"},"alternateName":"MultiLed Maroc","potentialAction":[{"@type":"SearchAction","target":{"@type":"EntryPoint","urlTemplate":"https:\/\/multiled.ma\/?s={search_term_string}"},"query-input":{"@type":"PropertyValueSpecification","valueRequired":true,"valueName":"search_term_string"}}],"inLanguage":"ar"},{"@type":"Organization","@id":"https:\/\/multiled.ma\/#organization","name":"MultiLed | Sp\u00e9cialiste du luminaire design au Maroc","url":"https:\/\/multiled.ma\/","logo":{"@type":"ImageObject","inLanguage":"ar","@id":"https:\/\/multiled.ma\/#\/schema\/logo\/image\/","url":"https:\/\/multiled.ma\/wp-content\/uploads\/2023\/10\/main-1.png","contentUrl":"https:\/\/multiled.ma\/wp-content\/uploads\/2023\/10\/main-1.png","width":600,"height":600,"caption":"MultiLed | Sp\u00e9cialiste du luminaire design au Maroc"},"image":{"@id":"https:\/\/multiled.ma\/#\/schema\/logo\/image\/"}}]}},"_links":{"self":[{"href":"https:\/\/multiled.ma\/ar\/wp-json\/wp\/v2\/product\/14603","targetHints":{"allow":["GET"]}}],"collection":[{"href":"https:\/\/multiled.ma\/ar\/wp-json\/wp\/v2\/product"}],"about":[{"href":"https:\/\/multiled.ma\/ar\/wp-json\/wp\/v2\/types\/product"}],"wp:featuredmedia":[{"embeddable":true,"href":"https:\/\/multiled.ma\/ar\/wp-json\/wp\/v2\/media\/14224"}],"wp:attachment":[{"href":"https:\/\/multiled.ma\/ar\/wp-json\/wp\/v2\/media?parent=14603"}],"wp:term":[{"taxonomy":"product_brand","embeddable":true,"href":"https:\/\/multiled.ma\/ar\/wp-json\/wp\/v2\/product_brand?post=14603"},{"taxonomy":"product_cat","embeddable":true,"href":"https:\/\/multiled.ma\/ar\/wp-json\/wp\/v2\/product_cat?post=14603"},{"taxonomy":"product_tag","embeddable":true,"href":"https:\/\/multiled.ma\/ar\/wp-json\/wp\/v2\/product_tag?post=14603"}],"curies":[{"name":"wp","href":"https:\/\/api.w.org\/{rel}","templated":true}]}}