{"id":13759,"date":"2020-11-23T17:16:20","date_gmt":"2020-11-23T14:16:20","guid":{"rendered":"https:\/\/multiled.ma\/%d9%85%d9%86-%d9%86%d8%ad%d9%86\/"},"modified":"2022-08-26T13:25:08","modified_gmt":"2022-08-26T10:25:08","slug":"%d9%85%d9%86-%d9%86%d8%ad%d9%86","status":"publish","type":"page","link":"https:\/\/multiled.ma\/ar\/%d9%85%d9%86-%d9%86%d8%ad%d9%86\/","title":{"rendered":"\u0645\u0646 \u0646\u062d\u0646"},"content":{"rendered":"\t\t<div data-elementor-type=\"wp-page\" data-elementor-id=\"13759\" class=\"elementor elementor-13759 elementor-23\" data-elementor-post-type=\"page\">\n\t\t\t\t\t\t<section class=\"wd-negative-gap elementor-section elementor-top-section elementor-element elementor-element-113b66f elementor-section-stretched elementor-section-boxed elementor-section-height-default elementor-section-height-default\" data-id=\"113b66f\" data-element_type=\"section\" data-settings=\"{&quot;stretch_section&quot;:&quot;section-stretched&quot;,&quot;background_background&quot;:&quot;classic&quot;}\">\n\t\t\t\t\t\t<div class=\"elementor-container elementor-column-gap-narrow\">\n\t\t\t\t\t<div class=\"elementor-column elementor-col-33 elementor-top-column elementor-element elementor-element-04b4693 elementor-hidden-mobile\" data-id=\"04b4693\" data-element_type=\"column\" data-settings=\"{&quot;background_background&quot;:&quot;classic&quot;}\">\n\t\t\t<div class=\"elementor-widget-wrap elementor-element-populated\">\n\t\t\t\t\t\t<div class=\"elementor-element elementor-element-9b8a687 elementor-widget elementor-widget-image\" data-id=\"9b8a687\" data-element_type=\"widget\" data-widget_type=\"image.default\">\n\t\t\t\t<div class=\"elementor-widget-container\">\n\t\t\t\t\t\t\t\t\t\t\t\t\t\t\t<img decoding=\"async\" src=\"https:\/\/multiled.ma\/wp-content\/uploads\/2022\/08\/32-scaled.jpg\" title=\"\" alt=\"\" loading=\"lazy\" \/>\t\t\t\t\t\t\t\t\t\t\t\t\t\t\t<\/div>\n\t\t\t\t<\/div>\n\t\t\t\t<div class=\"elementor-element elementor-element-265b917 elementor-widget elementor-widget-image\" data-id=\"265b917\" data-element_type=\"widget\" data-widget_type=\"image.default\">\n\t\t\t\t<div class=\"elementor-widget-container\">\n\t\t\t\t\t\t\t\t\t\t\t\t\t\t\t<img fetchpriority=\"high\" decoding=\"async\" width=\"600\" height=\"375\" src=\"https:\/\/multiled.ma\/wp-content\/uploads\/2022\/08\/13-scaled.jpg\" class=\"attachment-full size-full wp-image-9557\" alt=\"\" srcset=\"https:\/\/multiled.ma\/wp-content\/uploads\/2022\/08\/13-scaled.jpg 600w, https:\/\/multiled.ma\/wp-content\/uploads\/2022\/08\/13-scaled-300x188.jpg 300w, https:\/\/multiled.ma\/wp-content\/uploads\/2022\/08\/13-scaled-150x94.jpg 150w, https:\/\/multiled.ma\/wp-content\/uploads\/2022\/08\/13-scaled-500x313.jpg 500w\" sizes=\"(max-width: 600px) 100vw, 600px\" \/>\t\t\t\t\t\t\t\t\t\t\t\t\t\t\t<\/div>\n\t\t\t\t<\/div>\n\t\t\t\t\t<\/div>\n\t\t<\/div>\n\t\t\t\t<div class=\"elementor-column elementor-col-33 elementor-top-column elementor-element elementor-element-5b2f3f1 elementor-hidden-mobile\" data-id=\"5b2f3f1\" data-element_type=\"column\" data-settings=\"{&quot;background_background&quot;:&quot;classic&quot;}\">\n\t\t\t<div class=\"elementor-widget-wrap elementor-element-populated\">\n\t\t\t\t\t\t<div class=\"elementor-element elementor-element-ee9f4bf elementor-widget elementor-widget-image\" data-id=\"ee9f4bf\" data-element_type=\"widget\" data-widget_type=\"image.default\">\n\t\t\t\t<div class=\"elementor-widget-container\">\n\t\t\t\t\t\t\t\t\t\t\t\t\t\t\t<img decoding=\"async\" width=\"600\" height=\"524\" src=\"https:\/\/multiled.ma\/wp-content\/uploads\/2022\/08\/2-scaled.jpg\" class=\"attachment-full size-full wp-image-9535\" alt=\"\" srcset=\"https:\/\/multiled.ma\/wp-content\/uploads\/2022\/08\/2-scaled.jpg 600w, https:\/\/multiled.ma\/wp-content\/uploads\/2022\/08\/2-scaled-300x262.jpg 300w, https:\/\/multiled.ma\/wp-content\/uploads\/2022\/08\/2-scaled-150x131.jpg 150w, https:\/\/multiled.ma\/wp-content\/uploads\/2022\/08\/2-scaled-500x437.jpg 500w\" sizes=\"(max-width: 600px) 100vw, 600px\" \/>\t\t\t\t\t\t\t\t\t\t\t\t\t\t\t<\/div>\n\t\t\t\t<\/div>\n\t\t\t\t<div class=\"elementor-element elementor-element-755de57 elementor-widget elementor-widget-image\" data-id=\"755de57\" data-element_type=\"widget\" data-widget_type=\"image.default\">\n\t\t\t\t<div class=\"elementor-widget-container\">\n\t\t\t\t\t\t\t\t\t\t\t\t\t\t\t<img decoding=\"async\" src=\"https:\/\/multiled.ma\/wp-content\/uploads\/2022\/08\/25-scaled.jpg\" title=\"\" alt=\"\" loading=\"lazy\" \/>\t\t\t\t\t\t\t\t\t\t\t\t\t\t\t<\/div>\n\t\t\t\t<\/div>\n\t\t\t\t\t<\/div>\n\t\t<\/div>\n\t\t\t\t<div class=\"elementor-column elementor-col-33 elementor-top-column elementor-element elementor-element-5084d59\" data-id=\"5084d59\" data-element_type=\"column\" data-settings=\"{&quot;background_background&quot;:&quot;classic&quot;}\">\n\t\t\t<div class=\"elementor-widget-wrap elementor-element-populated\">\n\t\t\t\t\t\t<div class=\"elementor-element elementor-element-736f5d6 elementor-widget elementor-widget-theme-site-logo elementor-widget-image\" data-id=\"736f5d6\" data-element_type=\"widget\" data-settings=\"{&quot;_animation&quot;:&quot;none&quot;}\" data-widget_type=\"theme-site-logo.default\">\n\t\t\t\t<div class=\"elementor-widget-container\">\n\t\t\t\t\t\t\t\t\t\t\t<a href=\"https:\/\/multiled.ma\/ar\/\">\n\t\t\t<img decoding=\"async\" width=\"300\" height=\"300\" src=\"https:\/\/multiled.ma\/wp-content\/uploads\/2022\/07\/MULTILED.png\" class=\"attachment-medium size-medium wp-image-255\" alt=\"\" srcset=\"https:\/\/multiled.ma\/wp-content\/uploads\/2022\/07\/MULTILED.png 600w, https:\/\/multiled.ma\/wp-content\/uploads\/2022\/07\/MULTILED-300x300.png 300w, https:\/\/multiled.ma\/wp-content\/uploads\/2022\/07\/MULTILED-150x150.png 150w, https:\/\/multiled.ma\/wp-content\/uploads\/2022\/07\/MULTILED-500x500.png 500w\" sizes=\"(max-width: 300px) 100vw, 300px\" \/>\t\t\t\t<\/a>\n\t\t\t\t\t\t\t\t\t\t\t<\/div>\n\t\t\t\t<\/div>\n\t\t\t\t<div class=\"elementor-element elementor-element-9be4f5b elementor-widget elementor-widget-heading\" data-id=\"9be4f5b\" data-element_type=\"widget\" data-widget_type=\"heading.default\">\n\t\t\t\t<div class=\"elementor-widget-container\">\n\t\t\t\t\t<h2 class=\"elementor-heading-title elementor-size-default\">\u0645\u0648\u0644\u062a\u064a \u0644\u064a\u062f<br>\n<\/h2>\t\t\t\t<\/div>\n\t\t\t\t<\/div>\n\t\t\t\t<div class=\"elementor-element elementor-element-e09e1f0 elementor-widget elementor-widget-heading\" data-id=\"e09e1f0\" data-element_type=\"widget\" data-widget_type=\"heading.default\">\n\t\t\t\t<div class=\"elementor-widget-container\">\n\t\t\t\t\t<h5 class=\"elementor-heading-title elementor-size-medium\">\u0634\u0631\u0643\u0629 \u0645\u0648\u0644\u062a\u064a \u0644\u064a\u062f \u0645\u062a\u062e\u0635\u0635 \u0641\u064a \u062c\u0645\u064a\u0639 \u0623\u0641\u0631\u0627\u063a \u0627\u0644\u0627\u0636\u0627\u0621\u0627\u062a \u0644\u0644\u0645\u0646\u0627\u0632\u0644 \u0648 \u0627\u0644\u0645\u0643\u0627\u062a\u0628 \u0648 \u0645\u0646 \u0627\u062c\u0648\u062f \u0623\u0646\u0648\u0627\u0639 \u0627\u0644\u0627\u0646\u0627\u0631\u0629 \u060c\u0643\u0644 \u0645\u0627 \u062a\u0628\u062d\u062b \u0639\u0646\u0647   \u0641\u064a \u0639\u0627\u0644\u0645 \u0627\u0644\u0627\u0646\u0627\u0631\u0629\u0633\u062a\u062c\u062f\u0629 \u0641\u0645\u0646 \u0634\u0631\u0643\u062a\u0646\u0627 \u0641\u064a \u0627\u0644\u062f\u0627\u0631\u0627\u0644\u0628\u064a\u0636\u0627\u0621-\u0645\u063a\u0631\u0628 .<\/h5>\t\t\t\t<\/div>\n\t\t\t\t<\/div>\n\t\t\t\t\t<\/div>\n\t\t<\/div>\n\t\t\t\t\t<\/div>\n\t\t<\/section>\n\t\t\t\t<\/div>\n\t\t","protected":false},"excerpt":{"rendered":"<p>\u0645\u0648\u0644\u062a\u064a \u0644\u064a\u062f \u0634\u0631\u0643\u0629 \u0645\u0648\u0644\u062a\u064a \u0644\u064a\u062f \u0645\u062a\u062e\u0635\u0635 \u0641\u064a \u062c\u0645\u064a\u0639 \u0623\u0641\u0631\u0627\u063a \u0627\u0644\u0627\u0636\u0627\u0621\u0627\u062a \u0644\u0644\u0645\u0646\u0627\u0632\u0644 \u0648 \u0627\u0644\u0645\u0643\u0627\u062a\u0628 \u0648 \u0645\u0646 \u0627\u062c\u0648\u062f \u0623\u0646\u0648\u0627\u0639 \u0627\u0644\u0627\u0646\u0627\u0631\u0629 \u060c\u0643\u0644 \u0645\u0627<\/p>\n","protected":false},"author":1,"featured_media":0,"parent":0,"menu_order":0,"comment_status":"closed","ping_status":"closed","template":"","meta":{"footnotes":""},"class_list":["post-13759","page","type-page","status-publish","hentry"],"yoast_head":"<!-- This site is optimized with the Yoast SEO plugin v25.1 - https:\/\/yoast.com\/wordpress\/plugins\/seo\/ -->\n<title>\u0645\u0646 \u0646\u062d\u0646 | MultiLed Maroc \u2013 Luminaire Design &amp; Grossiste<\/title>\n<meta name=\"robots\" content=\"index, follow, max-snippet:-1, max-image-preview:large, max-video-preview:-1\" \/>\n<link rel=\"canonical\" href=\"https:\/\/multiled.ma\/\u0645\u0646-\u0646\u062d\u0646\/\" \/>\n<meta property=\"og:locale\" content=\"ar_AR\" \/>\n<meta property=\"og:type\" content=\"article\" \/>\n<meta property=\"og:title\" content=\"\u0645\u0646 \u0646\u062d\u0646 | MultiLed Maroc \u2013 Luminaire Design &amp; Grossiste\" \/>\n<meta property=\"og:description\" content=\"\u0645\u0648\u0644\u062a\u064a \u0644\u064a\u062f \u0634\u0631\u0643\u0629 \u0645\u0648\u0644\u062a\u064a \u0644\u064a\u062f \u0645\u062a\u062e\u0635\u0635 \u0641\u064a \u062c\u0645\u064a\u0639 \u0623\u0641\u0631\u0627\u063a \u0627\u0644\u0627\u0636\u0627\u0621\u0627\u062a \u0644\u0644\u0645\u0646\u0627\u0632\u0644 \u0648 \u0627\u0644\u0645\u0643\u0627\u062a\u0628 \u0648 \u0645\u0646 \u0627\u062c\u0648\u062f \u0623\u0646\u0648\u0627\u0639 \u0627\u0644\u0627\u0646\u0627\u0631\u0629 \u060c\u0643\u0644 \u0645\u0627\" \/>\n<meta property=\"og:url\" content=\"https:\/\/multiled.ma\/\u0645\u0646-\u0646\u062d\u0646\/\" \/>\n<meta property=\"og:site_name\" content=\"MultiLed Maroc \u2013 Luminaire Design &amp; Grossiste\" \/>\n<meta property=\"article:modified_time\" content=\"2022-08-26T10:25:08+00:00\" \/>\n<meta property=\"og:image\" content=\"https:\/\/multiled.ma\/wp-content\/uploads\/2022\/08\/32-scaled.jpg\" \/>\n<meta name=\"twitter:card\" content=\"summary_large_image\" \/>\n<script type=\"application\/ld+json\" class=\"yoast-schema-graph\">{\"@context\":\"https:\/\/schema.org\",\"@graph\":[{\"@type\":\"WebPage\",\"@id\":\"https:\/\/multiled.ma\/%d9%85%d9%86-%d9%86%d8%ad%d9%86\/\",\"url\":\"https:\/\/multiled.ma\/%d9%85%d9%86-%d9%86%d8%ad%d9%86\/\",\"name\":\"\u0645\u0646 \u0646\u062d\u0646 | MultiLed Maroc \u2013 Luminaire Design &amp; Grossiste\",\"isPartOf\":{\"@id\":\"https:\/\/multiled.ma\/#website\"},\"primaryImageOfPage\":{\"@id\":\"https:\/\/multiled.ma\/%d9%85%d9%86-%d9%86%d8%ad%d9%86\/#primaryimage\"},\"image\":{\"@id\":\"https:\/\/multiled.ma\/%d9%85%d9%86-%d9%86%d8%ad%d9%86\/#primaryimage\"},\"thumbnailUrl\":\"https:\/\/multiled.ma\/wp-content\/uploads\/2022\/08\/32-scaled.jpg\",\"datePublished\":\"2020-11-23T14:16:20+00:00\",\"dateModified\":\"2022-08-26T10:25:08+00:00\",\"breadcrumb\":{\"@id\":\"https:\/\/multiled.ma\/%d9%85%d9%86-%d9%86%d8%ad%d9%86\/#breadcrumb\"},\"inLanguage\":\"ar\",\"potentialAction\":[{\"@type\":\"ReadAction\",\"target\":[\"https:\/\/multiled.ma\/%d9%85%d9%86-%d9%86%d8%ad%d9%86\/\"]}]},{\"@type\":\"ImageObject\",\"inLanguage\":\"ar\",\"@id\":\"https:\/\/multiled.ma\/%d9%85%d9%86-%d9%86%d8%ad%d9%86\/#primaryimage\",\"url\":\"https:\/\/multiled.ma\/wp-content\/uploads\/2022\/08\/32-scaled.jpg\",\"contentUrl\":\"https:\/\/multiled.ma\/wp-content\/uploads\/2022\/08\/32-scaled.jpg\"},{\"@type\":\"BreadcrumbList\",\"@id\":\"https:\/\/multiled.ma\/%d9%85%d9%86-%d9%86%d8%ad%d9%86\/#breadcrumb\",\"itemListElement\":[{\"@type\":\"ListItem\",\"position\":1,\"name\":\"Home\",\"item\":\"https:\/\/multiled.ma\/%d8%a7%d9%84%d8%b5%d9%81%d8%ad%d8%a9-%d8%a7%d9%84%d8%b1%d8%a6%d9%8a%d8%b3%d9%8a%d8%a9-2\/\"},{\"@type\":\"ListItem\",\"position\":2,\"name\":\"\u0645\u0646 \u0646\u062d\u0646\"}]},{\"@type\":\"WebSite\",\"@id\":\"https:\/\/multiled.ma\/#website\",\"url\":\"https:\/\/multiled.ma\/\",\"name\":\"MultiLed | Sp\u00e9cialiste du luminaire design au Maroc\",\"description\":\"Grossiste en \u00e9clairage d\u00e9coratif et architectural au Maroc\",\"publisher\":{\"@id\":\"https:\/\/multiled.ma\/#organization\"},\"alternateName\":\"MultiLed Maroc\",\"potentialAction\":[{\"@type\":\"SearchAction\",\"target\":{\"@type\":\"EntryPoint\",\"urlTemplate\":\"https:\/\/multiled.ma\/?s={search_term_string}\"},\"query-input\":{\"@type\":\"PropertyValueSpecification\",\"valueRequired\":true,\"valueName\":\"search_term_string\"}}],\"inLanguage\":\"ar\"},{\"@type\":\"Organization\",\"@id\":\"https:\/\/multiled.ma\/#organization\",\"name\":\"MultiLed | Sp\u00e9cialiste du luminaire design au Maroc\",\"url\":\"https:\/\/multiled.ma\/\",\"logo\":{\"@type\":\"ImageObject\",\"inLanguage\":\"ar\",\"@id\":\"https:\/\/multiled.ma\/#\/schema\/logo\/image\/\",\"url\":\"https:\/\/multiled.ma\/wp-content\/uploads\/2023\/10\/main-1.png\",\"contentUrl\":\"https:\/\/multiled.ma\/wp-content\/uploads\/2023\/10\/main-1.png\",\"width\":600,\"height\":600,\"caption\":\"MultiLed | Sp\u00e9cialiste du luminaire design au Maroc\"},\"image\":{\"@id\":\"https:\/\/multiled.ma\/#\/schema\/logo\/image\/\"}}]}<\/script>\n<!-- \/ Yoast SEO plugin. -->","yoast_head_json":{"title":"\u0645\u0646 \u0646\u062d\u0646 | MultiLed Maroc \u2013 Luminaire Design &amp; Grossiste","robots":{"index":"index","follow":"follow","max-snippet":"max-snippet:-1","max-image-preview":"max-image-preview:large","max-video-preview":"max-video-preview:-1"},"canonical":"https:\/\/multiled.ma\/\u0645\u0646-\u0646\u062d\u0646\/","og_locale":"ar_AR","og_type":"article","og_title":"\u0645\u0646 \u0646\u062d\u0646 | MultiLed Maroc \u2013 Luminaire Design &amp; Grossiste","og_description":"\u0645\u0648\u0644\u062a\u064a \u0644\u064a\u062f \u0634\u0631\u0643\u0629 \u0645\u0648\u0644\u062a\u064a \u0644\u064a\u062f \u0645\u062a\u062e\u0635\u0635 \u0641\u064a \u062c\u0645\u064a\u0639 \u0623\u0641\u0631\u0627\u063a \u0627\u0644\u0627\u0636\u0627\u0621\u0627\u062a \u0644\u0644\u0645\u0646\u0627\u0632\u0644 \u0648 \u0627\u0644\u0645\u0643\u0627\u062a\u0628 \u0648 \u0645\u0646 \u0627\u062c\u0648\u062f \u0623\u0646\u0648\u0627\u0639 \u0627\u0644\u0627\u0646\u0627\u0631\u0629 \u060c\u0643\u0644 \u0645\u0627","og_url":"https:\/\/multiled.ma\/\u0645\u0646-\u0646\u062d\u0646\/","og_site_name":"MultiLed Maroc \u2013 Luminaire Design &amp; Grossiste","article_modified_time":"2022-08-26T10:25:08+00:00","og_image":[{"url":"https:\/\/multiled.ma\/wp-content\/uploads\/2022\/08\/32-scaled.jpg","type":"","width":"","height":""}],"twitter_card":"summary_large_image","schema":{"@context":"https:\/\/schema.org","@graph":[{"@type":"WebPage","@id":"https:\/\/multiled.ma\/%d9%85%d9%86-%d9%86%d8%ad%d9%86\/","url":"https:\/\/multiled.ma\/%d9%85%d9%86-%d9%86%d8%ad%d9%86\/","name":"\u0645\u0646 \u0646\u062d\u0646 | MultiLed Maroc \u2013 Luminaire Design &amp; Grossiste","isPartOf":{"@id":"https:\/\/multiled.ma\/#website"},"primaryImageOfPage":{"@id":"https:\/\/multiled.ma\/%d9%85%d9%86-%d9%86%d8%ad%d9%86\/#primaryimage"},"image":{"@id":"https:\/\/multiled.ma\/%d9%85%d9%86-%d9%86%d8%ad%d9%86\/#primaryimage"},"thumbnailUrl":"https:\/\/multiled.ma\/wp-content\/uploads\/2022\/08\/32-scaled.jpg","datePublished":"2020-11-23T14:16:20+00:00","dateModified":"2022-08-26T10:25:08+00:00","breadcrumb":{"@id":"https:\/\/multiled.ma\/%d9%85%d9%86-%d9%86%d8%ad%d9%86\/#breadcrumb"},"inLanguage":"ar","potentialAction":[{"@type":"ReadAction","target":["https:\/\/multiled.ma\/%d9%85%d9%86-%d9%86%d8%ad%d9%86\/"]}]},{"@type":"ImageObject","inLanguage":"ar","@id":"https:\/\/multiled.ma\/%d9%85%d9%86-%d9%86%d8%ad%d9%86\/#primaryimage","url":"https:\/\/multiled.ma\/wp-content\/uploads\/2022\/08\/32-scaled.jpg","contentUrl":"https:\/\/multiled.ma\/wp-content\/uploads\/2022\/08\/32-scaled.jpg"},{"@type":"BreadcrumbList","@id":"https:\/\/multiled.ma\/%d9%85%d9%86-%d9%86%d8%ad%d9%86\/#breadcrumb","itemListElement":[{"@type":"ListItem","position":1,"name":"Home","item":"https:\/\/multiled.ma\/%d8%a7%d9%84%d8%b5%d9%81%d8%ad%d8%a9-%d8%a7%d9%84%d8%b1%d8%a6%d9%8a%d8%b3%d9%8a%d8%a9-2\/"},{"@type":"ListItem","position":2,"name":"\u0645\u0646 \u0646\u062d\u0646"}]},{"@type":"WebSite","@id":"https:\/\/multiled.ma\/#website","url":"https:\/\/multiled.ma\/","name":"MultiLed | Sp\u00e9cialiste du luminaire design au Maroc","description":"Grossiste en \u00e9clairage d\u00e9coratif et architectural au Maroc","publisher":{"@id":"https:\/\/multiled.ma\/#organization"},"alternateName":"MultiLed Maroc","potentialAction":[{"@type":"SearchAction","target":{"@type":"EntryPoint","urlTemplate":"https:\/\/multiled.ma\/?s={search_term_string}"},"query-input":{"@type":"PropertyValueSpecification","valueRequired":true,"valueName":"search_term_string"}}],"inLanguage":"ar"},{"@type":"Organization","@id":"https:\/\/multiled.ma\/#organization","name":"MultiLed | Sp\u00e9cialiste du luminaire design au Maroc","url":"https:\/\/multiled.ma\/","logo":{"@type":"ImageObject","inLanguage":"ar","@id":"https:\/\/multiled.ma\/#\/schema\/logo\/image\/","url":"https:\/\/multiled.ma\/wp-content\/uploads\/2023\/10\/main-1.png","contentUrl":"https:\/\/multiled.ma\/wp-content\/uploads\/2023\/10\/main-1.png","width":600,"height":600,"caption":"MultiLed | Sp\u00e9cialiste du luminaire design au Maroc"},"image":{"@id":"https:\/\/multiled.ma\/#\/schema\/logo\/image\/"}}]}},"_links":{"self":[{"href":"https:\/\/multiled.ma\/ar\/wp-json\/wp\/v2\/pages\/13759","targetHints":{"allow":["GET"]}}],"collection":[{"href":"https:\/\/multiled.ma\/ar\/wp-json\/wp\/v2\/pages"}],"about":[{"href":"https:\/\/multiled.ma\/ar\/wp-json\/wp\/v2\/types\/page"}],"author":[{"embeddable":true,"href":"https:\/\/multiled.ma\/ar\/wp-json\/wp\/v2\/users\/1"}],"replies":[{"embeddable":true,"href":"https:\/\/multiled.ma\/ar\/wp-json\/wp\/v2\/comments?post=13759"}],"version-history":[{"count":9,"href":"https:\/\/multiled.ma\/ar\/wp-json\/wp\/v2\/pages\/13759\/revisions"}],"predecessor-version":[{"id":14184,"href":"https:\/\/multiled.ma\/ar\/wp-json\/wp\/v2\/pages\/13759\/revisions\/14184"}],"wp:attachment":[{"href":"https:\/\/multiled.ma\/ar\/wp-json\/wp\/v2\/media?parent=13759"}],"curies":[{"name":"wp","href":"https:\/\/api.w.org\/{rel}","templated":true}]}}